{"id":3,"date":"2020-11-11T11:22:26","date_gmt":"2020-11-11T10:22:26","guid":{"rendered":"https:\/\/alwis.pl\/dla-klientow\/?page_id=3"},"modified":"2020-12-08T09:20:15","modified_gmt":"2020-12-08T08:20:15","slug":"polityka-prywatnosci","status":"publish","type":"page","link":"https:\/\/alwis.pl\/dla-klientow\/polityka-prywatnosci\/","title":{"rendered":"Polityka prywatno\u015bci"},"content":{"rendered":"\n<p><h3 style=\"margin-bottom: 0;\">ALWIS UBEZPIECZENIA<\/h3> <span style=\"font-size: 1.56em; color: #004897; font-weight: 600;\">ALWIS &amp; SECURA Sp. z o.o.\u00a0<\/span><\/p>\n\n\n\n<p>Szanowni Pa\u0144stwo&nbsp;<\/p>\n\n\n\n<p>W zwi\u0105zku z nowymi regulacjami o ochronie danych osobowych zwi\u0105zanych z wprowadzeniem zasad RODO, chcieliby\u015bmy spe\u0142ni\u0107\u0301 nasz obowi\u0105zek informacyjny o tym, jak przetwarzamy Pa\u0144stwa dane osobowe. Poni\u017cej wyja\u015bniamy najwa\u017cniejsze kwestie. W razie jakichkolwiek pyta\u0144\u0301 zach\u0119camy do kontaktu w odpowiedzi na t\u0119 wiadomo\u015b\u0107\u0301.&nbsp;<\/p>\n\n\n\n<p><strong>INFORMACJE O PRZETWARZANIU PA\u0143STWA DANYCH OSOBOWYCH&nbsp;<\/strong><\/p>\n\n\n\n<p><strong><em>Sk\u0105d posiadamy Pa\u0144stwa dane?&nbsp;<\/em><\/strong><\/p>\n\n\n\n<p>Pa\u0144stwa dane pozyskali\u015bmy:&nbsp;<\/p>\n\n\n\n<ul><li>bezpo\u015brednio od Pa\u0144stwa, w tym tak\u017ce poprzez kontakt e-mailowy, telefoniczny i listowny;&nbsp;<\/li><li>od naszych po\u015brednik\u00f3w \u2013 OFWCA &#8211; kt\u00f3re w naszym imieniu zawar\u0142y z Wami umowy ubezpieczenia na rzecz zak\u0142ad\u00f3w ubezpieczeniowych, kt\u00f3rych jeste\u015bmy Agentem. Wyst\u0119pujemy tutaj jako Wsp\u00f3\u0142administrator Danych,&nbsp;<\/li><li>w zwi\u0105zku z kontaktami biznesowymi i umowami o \u015bwiadczenie us\u0142ug na Pa\u0144stwa rzecz i Pa\u0144stwa dla nas,<\/li><li>ze \u017ar\u00f3de\u0142 publicznie dost\u0119pnych, np. z Krajowego Rejestru S\u0105dowego, Centralnej Ewidencji i Informacji o Dzia\u0142alno\u015bci Gospodarczej lub innych podobnych \u017ar\u00f3de\u0142.&nbsp;<\/li><\/ul>\n\n\n\n<p><strong><em>Kto jest administratorem Pa\u0144stwa danych?&nbsp;<\/em><\/strong><\/p>\n\n\n\n<p>Administratorem Pa\u0144stwa danych osobowych jest: ALWIS &amp; SECURA Sp. z o.o.<\/p>\n\n\n\n<p>Adres: ul. Na\u015bciszowska 11, 33-300 Nowy S\u0105cz, Polska, NIP: 7342932503, e-mail: centrala@alwis.pl, tel. <strong>18 444 28 20.&nbsp;<\/strong><\/p>\n\n\n\n<p><strong><em>Jakie Pa\u0144stwa dane przetwarzamy?&nbsp;<\/em><\/strong><\/p>\n\n\n\n<p>Alwis przetwarza nast\u0119puj\u0105ce kategorie danych:&nbsp;<\/p>\n\n\n\n<ul><li>dane kontaktowe, korespondencyjne;&nbsp;<\/li><li>dane marketingowe do przekazania informacji o nowych produktach, promocjach, sprawach zwi\u0105zanych z ubezpieczeniami, z kt\u00f3rych Pa\u0144stwo korzystali wcze\u015bniej, oraz takimi informacjami dla potencjalnych klient\u00f3w.&nbsp;<\/li><\/ul>\n\n\n\n<p><strong><em>Do czego b\u0119dziemy u\u017cywa\u0107 Pa\u0144stwa danych osobowych?&nbsp;<\/em><\/strong><\/p>\n\n\n\n<p>Pa\u0144stwa dane osobowe b\u0119dziemy przetwarza\u0107 w jednym lub wi\u0119cej spo\u015br\u00f3d nast\u0119puj\u0105cych cel\u00f3w:&nbsp;<\/p>\n\n\n\n<ul><li>w celu kontaktu z Pa\u0144stwem w celu przedstawienia oferty&nbsp;<\/li><li>w celach marketingowych produkt\u00f3w i us\u0142ug&nbsp; Alwis&amp;Secura oraz Alwis Finanse i zak\u0142ad\u00f3w ubezpieczeniowych i innych partner\u00f3w;&nbsp;<\/li><\/ul>\n\n\n\n<p><strong><em>Czy maj\u0105 Pa\u0144stwo obowi\u0105zek poda\u0107 dane osobowe?&nbsp;<\/em><\/strong><\/p>\n\n\n\n<p>W zakresie, w jakim przetwarzanie Pa\u0144stwa danych nast\u0119puje w celu: przygotowania oferty i kontaktu z Pa\u0144stwem.<\/p>\n\n\n\n<p><strong><em>Jak cofn\u0105\u0107 zgod\u0119 na przetwarzanie danych osobowych?&nbsp;<\/em><\/strong><\/p>\n\n\n\n<p>W ka\u017cdej chwili mog\u0105 Pa\u0144stwo cofn\u0105\u0107 ka\u017cd\u0105 zgod\u0119 udzielon\u0105 Alwis w zwi\u0105zku z przetwarzaniem danych osobowych bez ponoszenia \u017cadnych negatywnych konsekwencji. Wystarczy wys\u0142a\u0107 e-mail, lub przes\u0142a\u0107 wiadomo\u015b\u0107 poczt\u0105 tradycyjn\u0105 na wskazane powy\u017cej dane kontaktowe.&nbsp;<\/p>\n\n\n\n<p>Cofni\u0119cie zgody nie wp\u0142ywa na zgodno\u015b\u0107 z prawem przetwarzania Pa\u0144stwa danych przed jego dokonaniem, tzn. do momentu cofni\u0119cia zgody, przetwarzanie Pa\u0144stwa danych przez Alwis jest legalne. Wszystkie dane marketingowe s\u0105 od razu usuwane.&nbsp;<\/p>\n\n\n\n<p><strong><em>Jak skontaktowa\u0107 si\u0119 z Administratorem Danych osobowych?&nbsp;<\/em><\/strong><\/p>\n\n\n\n<p>Mo\u017cna to zrobi\u0107 telefonicznie pod numerem telefonu e-mailowo pod adresem centrala@alwis.pl, tel. <strong>18 444 28 20.&nbsp;<\/strong><\/p>\n\n\n\n<p><strong><em>Na jakiej podstawie b\u0119dziemy przetwarza\u0107 Pa\u0144stwa dane osobowe?&nbsp;<\/em><\/strong><\/p>\n\n\n\n<p>Podstaw\u0105 przetwarzania danych osobowych jest, w zale\u017cno\u015bci od wykonywanych czynno\u015bci:&nbsp;<\/p>\n\n\n\n<ul><li>pro\u015bba o ofert\u0119&nbsp;<\/li><li>prawnie uzasadniony interes Alwis (marketing bezpo\u015bredni swoich produkt\u00f3w i us\u0142ug)<\/li><li>wyra\u017cona przez Pa\u0144stwa zgoda.<\/li><\/ul>\n\n\n\n<p><strong><em>Kiedy i komu mo\u017cemy przekaza\u0107 dane, a komu na pewno ich nie przeka\u017cemy?&nbsp;<\/em><\/strong><\/p>\n\n\n\n<p>Je\u017celi wyra\u017c\u0105 Pa\u0144stwo tak\u0105 zgod\u0119, udost\u0119pnimy Pa\u0144stwa dane osobowe tylko partnerom, z kt\u00f3rymi Alwis wsp\u00f3\u0142pracuje (\u201ePartnerzy Alwis\u201d), by mogli oni je wykorzystywa\u0107 w celach marketingowych. Dane udost\u0119pnimy tylko tym Partnerom Alwis, na kt\u00f3rych Pa\u0144stwo si\u0119 zgodz\u0105.&nbsp;<\/p>\n\n\n\n<p>Pa\u0144stwa dane mo\u017cemy ujawni\u0107 odbiorcom, w postaci zak\u0142ad\u00f3w ubezpieczeniowych z nami wsp\u00f3\u0142pracuj\u0105cych oraz OFWCA wykonuj\u0105cych zadania na nasze zlecenie i nasz\u0105 rzecz. W takim przypadku zawarta jest z tymi podmiotami umowa zapewniaj\u0105ca bezpiecze\u0144stwo danych osobowych. Je\u015bli chc\u0105 Pa\u0144stwo wiedzie\u0107 z kim wsp\u00f3\u0142pracujemy aktualnie, zawsze mo\u017cna o to zapyta\u0107 kieruj\u0105c zapytanie na adres podany powy\u017cej.&nbsp;<\/p>\n\n\n\n<p>Nie b\u0119dziemy natomiast przekazywa\u0107 Pa\u0144stwa danych osobowych do pa\u0144stwa trzeciego (poza Europejski Obszar Gospodarczy).&nbsp;<\/p>\n\n\n\n<p>Pa\u0144stwa dane nie b\u0119d\u0105 podlega\u0142y profilowaniu.&nbsp;<\/p>\n\n\n\n<p><strong><em>Co mog\u0105 Pa\u0144stwo robi\u0107 z przekazanymi nam lub posiadanymi przez nas danymi osobowymi?&nbsp;<\/em><\/strong><\/p>\n\n\n\n<p>Maj\u0105 Pa\u0144stwo prawo do \u017c\u0105dania od Alwis dost\u0119pu do swoich danych osobowych, ich sprostowania, usuni\u0119cia lub ograniczenia przetwarzania, bycia zapomnianym a tak\u017ce mo\u017cemy je na Pa\u0144stwa \u017c\u0105danie przenie\u015b\u0107 do innego administratora danych.&nbsp;<\/p>\n\n\n\n<p>Odno\u015bnie do przetwarzania Pa\u0144stwa danych w celu marketingu w\u0142asnych produkt\u00f3w lub us\u0142ug Alwis mog\u0105 Pa\u0144stwo wnie\u015b\u0107 sprzeciw.&nbsp;<\/p>\n\n\n\n<p><strong><em>Do kiedy b\u0119dziemy przechowywa\u0107 Pa\u0144stwa dane?&nbsp;<\/em><\/strong><\/p>\n\n\n\n<p>Pa\u0144stwa dane osobowe b\u0119d\u0105 przechowywane tak d\u0142ugo, jak jest to niezb\u0119dne do wykonania umowy \u0142\u0105cz\u0105cej Pa\u0144stwa z Alwis czyli umowy ubezpieczenia zawartej przez OFWCA na rzecz zak\u0142ad\u00f3w ubezpieczeniowych, kt\u00f3rych Alwis&amp;Secura jest Agentem, a po tym czasie przez okres czasu odpowiadaj\u0105cy okresowi przedawnienia roszcze\u0144, jakie mo\u017cna podnosi\u0107 wobec zak\u0142adu ubezpieczeniowego, Alwis&amp;Secura i OFWCA oraz jakie mog\u0105 by\u0107 podnoszone wobec Pa\u0144stwa&nbsp;<\/p>\n\n\n\n<p>Je\u015bli Pa\u0144stwa dane osobowe b\u0119d\u0105 przetwarzane w celu wype\u0142nienia obowi\u0105zku prawnego ci\u0105\u017c\u0105cego na administratorze, dane osobowe b\u0119d\u0105 przechowywane przez czas niezb\u0119dny do wype\u0142nienia tego obowi\u0105zku.&nbsp;<\/p>\n\n\n\n<p>Dane przetwarzane na podstawie zgody b\u0119dziemy przetwarza\u0107 do czasu wycofania przez Pa\u0144stwa tej zgody.&nbsp;<\/p>\n\n\n\n<p>Je\u015bli Pa\u0144stwa dane osobowe b\u0119d\u0105 przetwarzane na podstawie prawnie uzasadnionego interesu administratora, gdy podstaw\u0105 tego przetwarzania jest wykonanie umowy zawartej z Alwis lub jego po\u015brednik\u00f3w na Pa\u0144stwa rzecz, dane b\u0119d\u0105 przetwarzane do czasu wype\u0142nienia prawnie uzasadnionego interesu stanowi\u0105cego podstaw\u0119 tego przetwarzania.&nbsp;<\/p>\n\n\n\n<p>Je\u015bli Pa\u0144stwa dane osobowe b\u0119d\u0105 przetwarzane na podstawie prawnie uzasadnionego interesu administratora, gdy podstaw\u0105 tego przetwarzania jest marketing bezpo\u015bredni swoich produkt\u00f3w i us\u0142ug, Pa\u0144stwa dane osobowe b\u0119d\u0105 przetwarzane do czasu wniesienia przez Pa\u0144stwa sprzeciwu.&nbsp;<\/p>\n\n\n\n<p><strong><em>Gdzie mog\u0105 Pa\u0144stwo wnie\u015b\u0107 skarg\u0119 na przetwarzanie danych osobowych przez Alwis&amp;Secura?&nbsp;<\/em><\/strong><\/p>\n\n\n\n<p>Obecnie takie skargi kierowa\u0107 mo\u017cna do Generalnego Inspektora Ochrony Danych Osobowych (GIODO). Ju\u017c wkr\u00f3tce w\u0142a\u015bciwym organem nadzorczym w tej kwestii b\u0119dzie Prezes Urz\u0119du Ochrony Danych Osobowych (PUODO). Dane o tym zostan\u0105 podane do publicznej wiadomo\u015bci.&nbsp;<\/p>\n\n\n\n<p><strong><em>Pozdrawiamy i \u017cyczymy wielu sukces\u00f3w Zarz\u0105d Alwis &amp;Secura sp. z o.o.&nbsp;<\/em><\/strong><\/p>\n","protected":false},"excerpt":{"rendered":"<p>ALWIS UBEZPIECZENIA ALWIS &amp; SECURA Sp. z o.o.\u00a0 Szanowni Pa\u0144stwo&nbsp; W zwi\u0105zku z nowymi regulacjami o ochronie danych osobowych zwi\u0105zanych z wprowadzeniem zasad RODO, chcieliby\u015bmy spe\u0142ni\u0107\u0301 nasz obowi\u0105zek informacyjny o tym, jak przetwarzamy Pa\u0144stwa dane osobowe. Poni\u017cej wyja\u015bniamy najwa\u017cniejsze kwestie. W razie jakichkolwiek pyta\u0144\u0301 zach\u0119camy do kontaktu w odpowiedzi na t\u0119 wiadomo\u015b\u0107\u0301.&nbsp; INFORMACJE O PRZETWARZANIU [&hellip;]<\/p>\n","protected":false},"author":2,"featured_media":0,"parent":0,"menu_order":0,"comment_status":"closed","ping_status":"closed","template":"","meta":[],"_links":{"self":[{"href":"https:\/\/alwis.pl\/dla-klientow\/wp-json\/wp\/v2\/pages\/3"}],"collection":[{"href":"https:\/\/alwis.pl\/dla-klientow\/wp-json\/wp\/v2\/pages"}],"about":[{"href":"https:\/\/alwis.pl\/dla-klientow\/wp-json\/wp\/v2\/types\/page"}],"author":[{"embeddable":true,"href":"https:\/\/alwis.pl\/dla-klientow\/wp-json\/wp\/v2\/users\/2"}],"replies":[{"embeddable":true,"href":"https:\/\/alwis.pl\/dla-klientow\/wp-json\/wp\/v2\/comments?post=3"}],"version-history":[{"count":6,"href":"https:\/\/alwis.pl\/dla-klientow\/wp-json\/wp\/v2\/pages\/3\/revisions"}],"predecessor-version":[{"id":63,"href":"https:\/\/alwis.pl\/dla-klientow\/wp-json\/wp\/v2\/pages\/3\/revisions\/63"}],"wp:attachment":[{"href":"https:\/\/alwis.pl\/dla-klientow\/wp-json\/wp\/v2\/media?parent=3"}],"curies":[{"name":"wp","href":"https:\/\/api.w.org\/{rel}","templated":true}]}}