{"id":44,"date":"2020-11-18T20:44:13","date_gmt":"2020-11-18T19:44:13","guid":{"rendered":"https:\/\/alwis.pl\/dla-klientow\/?page_id=44"},"modified":"2020-12-07T23:33:04","modified_gmt":"2020-12-07T22:33:04","slug":"przetwarzanie-danych-rodo","status":"publish","type":"page","link":"https:\/\/alwis.pl\/dla-klientow\/przetwarzanie-danych-rodo\/","title":{"rendered":"Przetwarzanie danych &#8211; RODO"},"content":{"rendered":"\n<h1><\/h1>\n\n\n\n<p>Szanowni Pa\u0144stwo<\/p>\n\n\n\n<p>W zwi\u0105zku z nowymi regulacjami o ochronie danych osobowych wi\u0105zanych z wprowadzeniem zasad RODO, chcieliby\u015bmy spe\u0142ni\u0107 nasz obowi\u0105zek informacyjny o tym, jak przetwarzamy Pa\u0144stwa dane osobowe. Poni\u017cej wyja\u015bniamy najwa\u017cniejsze kwestie. W razie jakichkolwiek pyta\u0144 zach\u0119camy do kontaktu w odpowiedzi na t\u0119 wiadomo\u015b\u0107.<\/p>\n\n\n\n<p><strong>INFORMACJE O PRZETWARZANIU PA\u0143STWA DANYCH OSOBOWYCH<br>Sk\u0105d posiadamy Pa\u0144stwa dane?<br><\/strong>Pa\u0144stwa dane pozyskali\u015bmy:<\/p>\n\n\n\n<ol><li>bezpo\u015brednio od Pa\u0144stwa, w tym tak\u017ce poprzez kontakt e-mailowy, telefoniczny i listowny;<\/li><li>od naszych po\u015brednik\u00f3w \u2013 OFWCA &#8211; kt\u00f3re w naszym imieniu zawar\u0142y z Wami umowy ubezpieczenia na rzecz zak\u0142ad\u00f3w ubezpieczeniowych, kt\u00f3rych jeste\u015bmy Agentem. Wyst\u0119pujemy tutaj jako Wsp\u00f3\u0142administrator Danych,<\/li><li>w zwi\u0105zku z kontaktami biznesowymi i umowami o \u015bwiadczenie us\u0142ug na Pa\u0144stwa rzecz i Pa\u0144stwa dla nas, od zak\u0142ad\u00f3w ubezpieczeniowych , kt\u00f3re udost\u0119pni\u0142y Pa\u0144stwa dane osobowe na podstawie Pa\u0144stwa zgody, w zwi\u0105zku z zawartymi umowami ubezpieczenia oraz ich wykonaniem (wyja\u015bnienia, likwidacja szk\u00f3d, post\u0119powania windykacyjne),<\/li><li>ze \u017ar\u00f3de\u0142 publicznie dost\u0119pnych, np. z Krajowego Rejestru S\u0105dowego, Centralnej Ewidencji i Informacji o Dzia\u0142alno\u015bci Gospodarczej lub innych podobnych \u017ar\u00f3de\u0142.<\/li><\/ol>\n\n\n\n<p><strong>Kto jest administratorem Pa\u0144stwa danych?<\/strong><\/p>\n\n\n\n<p>Administratorem Pa\u0144stwa danych osobowych jest Alwis&amp;Secura, sp\u00f3\u0142ka z ograniczon\u0105 odpowiedzialno\u015bci\u0105 z siedzib\u0105 w Nowym S\u0105czu, ul. Na\u015bciszowska 11, (Alwis&amp;Secura) zarejestrowana w rejestrze przedsi\u0119biorc\u00f3w Krajowego Rejestru S\u0105dowego, prowadzonym przez S\u0105d Rejonowy dla Krakowa \u015ar\u00f3dmie\u015bcia, XII Wydzia\u0142 Gospodarczy \u2013 Krajowego Rejestru S\u0105dowego, pod numerem KRS: 128406, NIP: 734-29-32-503, numer<br>REGON: 492829504, e-mail: mdeker@alwis.pl , tel. 018 2620066.<\/p>\n\n\n\n<p><strong>Jakie Pa\u0144stwa dane przetwarzamy?<\/strong><\/p>\n\n\n\n<p>Alwis&amp;Secura przetwarza nast\u0119puj\u0105ce kategorie danych:<\/p>\n\n\n\n<ol><li>dane kontaktowe, korespondencyjne;<\/li><li>dane wymagane do zawarcia maj\u0105tkowych i \u017cyciowych um\u00f3w oraz wykonania tych um\u00f3w przez OFWCA, zgodnie z ustaw\u0105 o po\u015brednictwie ubezpieczeniowym, a od 1 pa\u017adziernika 2018 roku ustaw\u0105 o doradztwie ubezpieczeniowym;<\/li><li>dane do wykonania us\u0142ugi i wystawienia faktury;<\/li><li>dane identyfikacyjne niezb\u0119dne do \u015bwiadczenia innych us\u0142ug prowadzonych przez Alwis&amp;Secura \u2013 finansowych i oko\u0142obankowych;<\/li><li>dane potrzebne do dobrania przez OFWCA dla Pa\u0144stwa najlepszej oferty ubezpieczeniowej na podstawie rozpoznania potrzeb zgodnie z IDD;<\/li><li>dane marketingowe do przekazania informacji o nowych produktach, promocjach, sprawach zwi\u0105zanych z ubezpieczeniami, z kt\u00f3rych Pa\u0144stwo korzystali wcze\u015bniej, oraz takimi informacjami dla potencjalnych klient\u00f3w.<\/li><\/ol>\n\n\n\n<p><strong>Do czego b\u0119dziemy u\u017cywa\u0107 Pa\u0144stwa danych osobowych?<\/strong><\/p>\n\n\n\n<p>Pa\u0144stwa dane osobowe b\u0119dziemy przetwarza\u0107 w jednym lub wi\u0119cej spo\u015br\u00f3d nast\u0119puj\u0105cych cel\u00f3w:<\/p>\n\n\n\n<ol><li>w celu realizacji zada\u0144 wykonywanych na Pa\u0144stwa \u017c\u0105danie przed zawarciem umowy ubezpieczenia, w tym tak\u017ce przygotowania oferty na podstawie rozpoznania potrzeb Pa\u0144stwa przez OFWCA;<\/li><li>w celu zawarcia i wykonania um\u00f3w ubezpieczenia, kt\u00f3r\u0105 zawarli Pa\u0144stwo w zak\u0142adach ubezpieczeniowych za naszym i OFWCA po\u015brednictwem;<\/li><li>w celu zawarcia innych um\u00f3w np. o \u015bwiadczenie us\u0142ug lub dostaw;<\/li><li>w celu wype\u0142nienia obowi\u0105zku prawnego ci\u0105\u017c\u0105cego na Alwis&amp;Secura, np. wystawienia faktury lub rachunku, rozlicze\u0144 z organami podatkowymi i ZUS itp. ;<\/li><li>w celach marketingowych produkt\u00f3w i us\u0142ug Alwis&amp;Secura i zak\u0142ad\u00f3w ubezpieczeniowych, kt\u00f3rych jest Agentem;<\/li><\/ol>\n\n\n\n<p><strong>Czy maj\u0105 Pa\u0144stwo obowi\u0105zek poda\u0107 dane osobowe?<\/strong><\/p>\n\n\n\n<p>W zakresie, w jakim przetwarzanie Pa\u0144stwa danych nast\u0119puje w celu: przygotowania oferty i wykonania um\u00f3w ubezpieczenia, podanie przez Pa\u0144stwa danych jest warunkiem zawarcia takiej umowy. Podanie danych ma charakter dobrowolny, lecz jest niezb\u0119dne do zawarcia i wykonania umowy. W przypadku niepodania wymaganych danych osobowych umowa ubezpieczenia nie b\u0119dzie zawarta.<\/p>\n\n\n\n<p>Podanie danych niezb\u0119dnych do wystawienia faktury jest obowi\u0105zkiem ustawowym i wynika z Ustawy o podatku od towar\u00f3w i us\u0142ug.<\/p>\n\n\n\n<p>W pozosta\u0142ym zakresie podanie danych osobowych jest dobrowolne, nie jest wymogiem ustawowym lub umownym oraz nie stanowi warunku zawarcia umowy.<\/p>\n\n\n\n<p><strong>Jak cofn\u0105\u0107 zgod\u0119 na przetwarzanie danych osobowych?<\/strong><\/p>\n\n\n\n<p>W ka\u017cdej chwili mog\u0105 Pa\u0144stwo cofn\u0105\u0107 ka\u017cd\u0105 zgod\u0119 udzielon\u0105 Alwis&amp;Secura w zwi\u0105zku z przetwarzaniem danych osobowych bez ponoszenia \u017cadnych negatywnych konsekwencji. Wystarczy wys\u0142a\u0107 e-mail, lub przes\u0142a\u0107<br>wiadomo\u015b\u0107 poczt\u0105 tradycyjn\u0105 na wskazane powy\u017cej dane kontaktowe.<\/p>\n\n\n\n<p>Cofni\u0119cie zgody nie wp\u0142ywa na zgodno\u015b\u0107 z prawem przetwarzania Pa\u0144stwa danych przed jego dokonaniem, tzn. do momentu cofni\u0119cia zgody, przetwarzanie Pa\u0144stwa danych przez Alwis&amp;Secura jest legalne. Wszystkie dane marketingowe s\u0105 od razu usuwane, a dane wymagane do zawarcia um\u00f3w ubezpieczenia s\u0105 usuwane po ich zako\u0144czeniu i ustawowym okresie roszczeniowo windykacyjnym. W tym czasie dane te s\u0105 pasywne czyli<br>wykorzystywane tylko do cel\u00f3w wynikaj\u0105cych z przepis\u00f3w prawa.<\/p>\n\n\n\n<p><strong>Jak skontaktowa\u0107 si\u0119 z Administratorem Danych osobowych?<\/strong><\/p>\n\n\n\n<p>Mo\u017cna to zrobi\u0107 telefonicznie pod numerem telefonu e-mailowo pod adresem&nbsp;<a href=\"mailto:skuta@alwis.pl\">skuta@alwis.pl<\/a>&nbsp;lub telefonicznie&nbsp;<a href=\"tel:601259982\">601 259 982<\/a>.<\/p>\n\n\n\n<p><strong>Na jakiej podstawie b\u0119dziemy przetwarza\u0107 Pa\u0144stwa dane osobowe?<\/strong><\/p>\n\n\n\n<p>Podstaw\u0105 przetwarzania danych osobowych jest, w zale\u017cno\u015bci od wykonywanych czynno\u015bci:<\/p>\n\n\n\n<ol><li>pro\u015bba o ofert\u0119, zawarcie i wykonanie umowy ubezpieczenia;<\/li><li>wype\u0142nienie obowi\u0105zku prawnego ci\u0105\u017c\u0105cego na Alwis&amp;Secura (np. wystawienie faktury);<\/li><li>prawnie uzasadniony interes Alwis&amp;Secura (marketing bezpo\u015bredni swoich produkt\u00f3w i us\u0142ug lub wykonanie umowy zawartej z Alwis&amp;Secura na Pa\u0144stwa rzecz jako osoby trzeciej, gdy stron\u0105 umowy<br>jest inny podmiot);<\/li><li>wyra\u017cona przez Pa\u0144stwa zgoda.<\/li><\/ol>\n\n\n\n<p><strong>Kiedy i komu mo\u017cemy przekaza\u0107 dane, a komu na pewno ich nie przeka\u017cemy?<\/strong><\/p>\n\n\n\n<p>Je\u017celi wyra\u017c\u0105 Pa\u0144stwo tak\u0105 zgod\u0119, udost\u0119pnimy Pa\u0144stwa dane osobowe tylko partnerom, z kt\u00f3rymi Alwis&amp;Secura wsp\u00f3\u0142pracuje (\u201ePartnerzy Alwis&amp;Secura\u201d), by mogli oni je wykorzystywa\u0107 w celach marketingowych. Dane udost\u0119pnimy tylko tym Partnerom Alwis&amp;Secura, na kt\u00f3rych Pa\u0144stwo si\u0119 zgodz\u0105.<\/p>\n\n\n\n<p>Pa\u0144stwa dane mo\u017cemy ujawni\u0107 odbiorcom, w postaci zak\u0142ad\u00f3w ubezpieczeniowych z nami wsp\u00f3\u0142pracuj\u0105cych oraz OFWCA wykonuj\u0105cych zadania na nasze zlecenie i nasz\u0105 rzecz. W takim przypadku zawarta jest z tymi podmiotami umowa zapewniaj\u0105ca bezpiecze\u0144stwo danych osobowych. Je\u015bli chc\u0105 Pa\u0144stwo wiedzie\u0107 z kim wsp\u00f3\u0142pracujemy aktualnie, zawsze mo\u017cna o to zapyta\u0107 kieruj\u0105c zapytanie na adres podany powy\u017cej.<\/p>\n\n\n\n<p>Nie b\u0119dziemy natomiast przekazywa\u0107 Pa\u0144stwa danych osobowych do pa\u0144stwa trzeciego (poza Europejski Obszar Gospodarczy).<\/p>\n\n\n\n<p>Pa\u0144stwa dane nie b\u0119d\u0105 podlega\u0142y profilowaniu.<\/p>\n\n\n\n<p><strong>Co mog\u0105 Pa\u0144stwo robi\u0107 z przekazanymi nam lub posiadanymi przez nas danymi osobowymi?<\/strong><\/p>\n\n\n\n<p>Maj\u0105 Pa\u0144stwo prawo do \u017c\u0105dania od Alwis&amp;Secura dost\u0119pu do swoich danych osobowych, ich sprostowania, usuni\u0119cia lub ograniczenia przetwarzania, bycia zapomnianym a tak\u017ce mo\u017cemy je na Pa\u0144stwa \u017c\u0105danie przenie\u015b\u0107 do innego administratora danych.<\/p>\n\n\n\n<p>Odno\u015bnie do przetwarzania Pa\u0144stwa danych w celu marketingu w\u0142asnych produkt\u00f3w lub us\u0142ug Alwis&amp;Secura mog\u0105 Pa\u0144stwo wnie\u015b\u0107 sprzeciw.<\/p>\n\n\n\n<p><strong>Do kiedy b\u0119dziemy przechowywa\u0107 Pa\u0144stwa dane?<\/strong><\/p>\n\n\n\n<p>Pa\u0144stwa dane osobowe b\u0119d\u0105 przechowywane tak d\u0142ugo, jak jest to niezb\u0119dne do wykonania umowy \u0142\u0105cz\u0105cej Pa\u0144stwa z Alwis&amp;Secura czyli umowy ubezpieczenia zawartej przez OFWCA na rzecz zak\u0142ad\u00f3w ubezpieczeniowych, kt\u00f3rych Alwis&amp;Secura jest Agentem, a po tym czasie przez okres czasu odpowiadaj\u0105cy okresowi przedawnienia roszcze\u0144, jakie mo\u017cna podnosi\u0107 wobec zak\u0142adu ubezpieczeniowego, Alwis&amp;Secura i<br>OFWCA oraz jakie mog\u0105 by\u0107 podnoszone wobec Pa\u0144stwa<\/p>\n\n\n\n<p>Je\u015bli Pa\u0144stwa dane osobowe b\u0119d\u0105 przetwarzane w celu wype\u0142nienia obowi\u0105zku prawnego ci\u0105\u017c\u0105cego na administratorze, dane osobowe b\u0119d\u0105 przechowywane przez czas niezb\u0119dny do wype\u0142nienia tego obowi\u0105zku.<\/p>\n\n\n\n<p>Dane przetwarzane na podstawie zgody b\u0119dziemy przetwarza\u0107 do czasu wycofania przez Pa\u0144stwa tej zgody.<\/p>\n\n\n\n<p>Je\u015bli Pa\u0144stwa dane osobowe b\u0119d\u0105 przetwarzane na podstawie prawnie uzasadnionego interesu administratora, gdy podstaw\u0105 tego przetwarzania jest wykonanie umowy zawartej z Alwis&amp;Secura lub jego po\u015brednik\u00f3w na Pa\u0144stwa rzecz, dane b\u0119d\u0105 przetwarzane do czasu wype\u0142nienia prawnie uzasadnionego interesu stanowi\u0105cego podstaw\u0119 tego przetwarzania.<\/p>\n\n\n\n<p>Je\u015bli Pa\u0144stwa dane osobowe b\u0119d\u0105 przetwarzane na podstawie prawnie uzasadnionego interesu administratora, gdy podstaw\u0105 tego przetwarzania jest marketing bezpo\u015bredni swoich produkt\u00f3w i us\u0142ug, Pa\u0144stwa dane osobowe b\u0119d\u0105 przetwarzane do czasu wniesienia przez Pa\u0144stwa sprzeciwu.<\/p>\n\n\n\n<p><strong>Gdzie mog\u0105 Pa\u0144stwo wnie\u015b\u0107 skarg\u0119 na przetwarzanie danych osobowych przez Alwis&amp;Secura?<\/strong><\/p>\n\n\n\n<p>Obecnie takie skargi kierowa\u0107 mo\u017cna do Generalnego Inspektora Ochrony Danych Osobowych (GIODO). Ju\u017c wkr\u00f3tce w\u0142a\u015bciwym organem nadzorczym w tej kwestii b\u0119dzie Prezes Urz\u0119du Ochrony Danych Osobowych PUODO). Dane o tym zostan\u0105 podane do publicznej wiadomo\u015bci.<\/p>\n\n\n\n<p><strong>Pozdrawiamy i \u017cyczymy wielu sukces\u00f3w<\/strong><\/p>\n\n\n\n<p><strong>Zarz\u0105d Alwis&amp;Secura sp. z o.o<\/strong><\/p>\n","protected":false},"excerpt":{"rendered":"<p>Szanowni Pa\u0144stwo W zwi\u0105zku z nowymi regulacjami o ochronie danych osobowych wi\u0105zanych z wprowadzeniem zasad RODO, chcieliby\u015bmy spe\u0142ni\u0107 nasz obowi\u0105zek informacyjny o tym, jak przetwarzamy Pa\u0144stwa dane osobowe. Poni\u017cej wyja\u015bniamy najwa\u017cniejsze kwestie. W razie jakichkolwiek pyta\u0144 zach\u0119camy do kontaktu w odpowiedzi na t\u0119 wiadomo\u015b\u0107. INFORMACJE O PRZETWARZANIU PA\u0143STWA DANYCH OSOBOWYCHSk\u0105d posiadamy Pa\u0144stwa dane?Pa\u0144stwa dane pozyskali\u015bmy: [&hellip;]<\/p>\n","protected":false},"author":2,"featured_media":0,"parent":0,"menu_order":0,"comment_status":"closed","ping_status":"closed","template":"","meta":[],"_links":{"self":[{"href":"https:\/\/alwis.pl\/dla-klientow\/wp-json\/wp\/v2\/pages\/44"}],"collection":[{"href":"https:\/\/alwis.pl\/dla-klientow\/wp-json\/wp\/v2\/pages"}],"about":[{"href":"https:\/\/alwis.pl\/dla-klientow\/wp-json\/wp\/v2\/types\/page"}],"author":[{"embeddable":true,"href":"https:\/\/alwis.pl\/dla-klientow\/wp-json\/wp\/v2\/users\/2"}],"replies":[{"embeddable":true,"href":"https:\/\/alwis.pl\/dla-klientow\/wp-json\/wp\/v2\/comments?post=44"}],"version-history":[{"count":5,"href":"https:\/\/alwis.pl\/dla-klientow\/wp-json\/wp\/v2\/pages\/44\/revisions"}],"predecessor-version":[{"id":84,"href":"https:\/\/alwis.pl\/dla-klientow\/wp-json\/wp\/v2\/pages\/44\/revisions\/84"}],"wp:attachment":[{"href":"https:\/\/alwis.pl\/dla-klientow\/wp-json\/wp\/v2\/media?parent=44"}],"curies":[{"name":"wp","href":"https:\/\/api.w.org\/{rel}","templated":true}]}}